{"id":15,"date":"2021-09-11T21:47:41","date_gmt":"2021-09-11T21:47:41","guid":{"rendered":"https:\/\/demo.gloriathemes.com\/loquet\/demo\/?page_id=15"},"modified":"2023-10-20T13:11:08","modified_gmt":"2023-10-20T13:11:08","slug":"muzeu","status":"publish","type":"page","link":"https:\/\/mee.al\/en\/muzeu\/","title":{"rendered":"About us"},"content":{"rendered":"<div data-elementor-type=\"wp-page\" data-elementor-id=\"15\" class=\"elementor elementor-15\">\n\t\t\t\t\t\t<section class=\"elementor-section elementor-top-section elementor-element elementor-element-8541181 elementor-section-stretched elementor-section-boxed elementor-section-height-default elementor-section-height-default\" data-id=\"8541181\" data-element_type=\"section\" data-settings=\"{&quot;stretch_section&quot;:&quot;section-stretched&quot;,&quot;background_background&quot;:&quot;classic&quot;}\">\n\t\t\t\t\t\t\t<div class=\"elementor-background-overlay\"><\/div>\n\t\t\t\t\t\t\t<div class=\"elementor-container elementor-column-gap-no\">\n\t\t\t\t\t<div class=\"elementor-column elementor-col-50 elementor-top-column elementor-element elementor-element-b3114f2\" data-id=\"b3114f2\" data-element_type=\"column\">\n\t\t\t<div class=\"elementor-widget-wrap elementor-element-populated\">\n\t\t\t\t\t\t<div class=\"elementor-element elementor-element-a8786c0 elementor-widget elementor-widget-heading\" data-id=\"a8786c0\" data-element_type=\"widget\" data-widget_type=\"heading.default\">\n\t\t\t\t<div class=\"elementor-widget-container\">\n\t\t\t<h5 class=\"elementor-heading-title elementor-size-default\">T\u00eb dh\u00ebna t\u00eb p\u00ebrgjithshme<\/h5>\t\t<\/div>\n\t\t\t\t<\/div>\n\t\t\t\t<div class=\"elementor-element elementor-element-36eb364 elementor-widget elementor-widget-text-editor\" data-id=\"36eb364\" data-element_type=\"widget\" data-widget_type=\"text-editor.default\">\n\t\t\t\t<div class=\"elementor-widget-container\">\n\t\t\t\t\t\t\t<p>The Ethnographic Museum of Elbasan is built in a characteristic house with a veranda dating back to the 18th century. The locals of Elbasan recognize it as the house of the Sejdini family. The house was restored by cultural monuments in 1983-1985, and in 1986, the house's spaces were adapted and transformed into an ethnographic museum.<\/p><p>Mungesa e plote e datave t\u00eb nd\u00ebrtimit t\u00eb banesave e ben t\u00eb pamundur vendosjen e sakte n\u00eb kohe, por sipas mendimit t\u00eb studiuesve,banesat e vjetra q\u00eb ruhen ende sot n\u00eb qytetin e Elbasanit i p\u00ebrkasin periudhes prej fundit t\u00eb shek. XVIII- deri nga fundi i shek.XIX. N\u00eb qytetin e Elbasanit deri nga fillimi i shek.XX \u00ebsht\u00eb njohur dhe nd\u00ebrtuar gjeresisht banesa e hapur p\u00ebrdhese dhe me kat e varianteve t\u00eb ndryshme. Verehet s\u00eb aty nga \u00e7ereku i tret\u00eb i shekullit t\u00eb kaluar n\u00eb Elbasan fillojn\u00eb t\u00eb nd\u00ebrtohen tipe t\u00eb reja banesash t\u00eb mbyllura. Banesa me \u00e7ardak \u00ebsht\u00eb e njohur n\u00eb Elbasan. At\u00eb e takojme sidomos n\u00eb lagjen e Kalas\u00eb, ku disa banesa t\u00eb ketij lloji ruhen t\u00eb pac\u00ebnuara. Ruhen gjithashtu dhe mjaft banesa t\u00eb k\u00ebtij tipi, t\u00eb transformuara rr\u00ebnj\u00ebsisht.<\/p>\t\t\t\t\t\t<\/div>\n\t\t\t\t<\/div>\n\t\t\t\t\t<\/div>\n\t\t<\/div>\n\t\t\t\t<div class=\"elementor-column elementor-col-50 elementor-top-column elementor-element elementor-element-f5d57d8\" data-id=\"f5d57d8\" data-element_type=\"column\">\n\t\t\t<div class=\"elementor-widget-wrap elementor-element-populated\">\n\t\t\t\t\t\t<div class=\"elementor-element elementor-element-89c1756 elementor-widget elementor-widget-image\" data-id=\"89c1756\" data-element_type=\"widget\" data-widget_type=\"image.default\">\n\t\t\t\t<div class=\"elementor-widget-container\">\n\t\t\t\t\t\t\t\t\t\t\t\t\t<img fetchpriority=\"high\" decoding=\"async\" width=\"1498\" height=\"1000\" src=\"https:\/\/mee.al\/wp-content\/uploads\/2023\/01\/fileethnographic_museum_of_elbasan_17_big.jpg\" class=\"attachment-loquet-full size-loquet-full wp-image-7010\" alt=\"\" srcset=\"https:\/\/mee.al\/wp-content\/uploads\/2023\/01\/fileethnographic_museum_of_elbasan_17_big.jpg 1498w, https:\/\/mee.al\/wp-content\/uploads\/2023\/01\/fileethnographic_museum_of_elbasan_17_big-300x200.jpg 300w, https:\/\/mee.al\/wp-content\/uploads\/2023\/01\/fileethnographic_museum_of_elbasan_17_big-1024x684.jpg 1024w, https:\/\/mee.al\/wp-content\/uploads\/2023\/01\/fileethnographic_museum_of_elbasan_17_big-768x513.jpg 768w, https:\/\/mee.al\/wp-content\/uploads\/2023\/01\/fileethnographic_museum_of_elbasan_17_big-205x137.jpg 205w, https:\/\/mee.al\/wp-content\/uploads\/2023\/01\/fileethnographic_museum_of_elbasan_17_big-480x320.jpg 480w, https:\/\/mee.al\/wp-content\/uploads\/2023\/01\/fileethnographic_museum_of_elbasan_17_big-415x277.jpg 415w, https:\/\/mee.al\/wp-content\/uploads\/2023\/01\/fileethnographic_museum_of_elbasan_17_big-650x434.jpg 650w, https:\/\/mee.al\/wp-content\/uploads\/2023\/01\/fileethnographic_museum_of_elbasan_17_big-250x167.jpg 250w, https:\/\/mee.al\/wp-content\/uploads\/2023\/01\/fileethnographic_museum_of_elbasan_17_big-600x401.jpg 600w\" sizes=\"(max-width: 1498px) 100vw, 1498px\" \/>\t\t\t\t\t\t\t\t\t\t\t\t\t<\/div>\n\t\t\t\t<\/div>\n\t\t\t\t\t<\/div>\n\t\t<\/div>\n\t\t\t\t\t<\/div>\n\t\t<\/section>\n\t\t\t\t<section class=\"elementor-section elementor-top-section elementor-element elementor-element-4ce0e1a elementor-section-stretched elementor-section-boxed elementor-section-height-default elementor-section-height-default\" data-id=\"4ce0e1a\" data-element_type=\"section\" data-settings=\"{&quot;stretch_section&quot;:&quot;section-stretched&quot;,&quot;background_background&quot;:&quot;gradient&quot;}\">\n\t\t\t\t\t\t<div class=\"elementor-container elementor-column-gap-no\">\n\t\t\t\t\t<div class=\"elementor-column elementor-col-50 elementor-top-column elementor-element elementor-element-2a2ba48\" data-id=\"2a2ba48\" data-element_type=\"column\">\n\t\t\t<div class=\"elementor-widget-wrap elementor-element-populated\">\n\t\t\t\t\t\t<div class=\"elementor-element elementor-element-79b0764 elementor-widget elementor-widget-heading\" data-id=\"79b0764\" data-element_type=\"widget\" data-widget_type=\"heading.default\">\n\t\t\t\t<div class=\"elementor-widget-container\">\n\t\t\t<h5 class=\"elementor-heading-title elementor-size-default\">Arkitektura <\/h5>\t\t<\/div>\n\t\t\t\t<\/div>\n\t\t\t\t<div class=\"elementor-element elementor-element-0fa57ad elementor-widget elementor-widget-image\" data-id=\"0fa57ad\" data-element_type=\"widget\" data-widget_type=\"image.default\">\n\t\t\t\t<div class=\"elementor-widget-container\">\n\t\t\t\t\t\t\t\t\t\t\t\t\t<img decoding=\"async\" width=\"1498\" height=\"1000\" src=\"https:\/\/mee.al\/wp-content\/uploads\/2023\/01\/fileethnographic_museum_of_elbasan_15_big.jpg\" class=\"attachment-full size-full wp-image-6398\" alt=\"\" srcset=\"https:\/\/mee.al\/wp-content\/uploads\/2023\/01\/fileethnographic_museum_of_elbasan_15_big.jpg 1498w, https:\/\/mee.al\/wp-content\/uploads\/2023\/01\/fileethnographic_museum_of_elbasan_15_big-300x200.jpg 300w, https:\/\/mee.al\/wp-content\/uploads\/2023\/01\/fileethnographic_museum_of_elbasan_15_big-1024x684.jpg 1024w, https:\/\/mee.al\/wp-content\/uploads\/2023\/01\/fileethnographic_museum_of_elbasan_15_big-768x513.jpg 768w, https:\/\/mee.al\/wp-content\/uploads\/2023\/01\/fileethnographic_museum_of_elbasan_15_big-205x137.jpg 205w, https:\/\/mee.al\/wp-content\/uploads\/2023\/01\/fileethnographic_museum_of_elbasan_15_big-480x320.jpg 480w, https:\/\/mee.al\/wp-content\/uploads\/2023\/01\/fileethnographic_museum_of_elbasan_15_big-415x277.jpg 415w, https:\/\/mee.al\/wp-content\/uploads\/2023\/01\/fileethnographic_museum_of_elbasan_15_big-650x434.jpg 650w, https:\/\/mee.al\/wp-content\/uploads\/2023\/01\/fileethnographic_museum_of_elbasan_15_big-250x167.jpg 250w, https:\/\/mee.al\/wp-content\/uploads\/2023\/01\/fileethnographic_museum_of_elbasan_15_big-600x401.jpg 600w\" sizes=\"(max-width: 1498px) 100vw, 1498px\" \/>\t\t\t\t\t\t\t\t\t\t\t\t\t<\/div>\n\t\t\t\t<\/div>\n\t\t\t\t\t<\/div>\n\t\t<\/div>\n\t\t\t\t<div class=\"elementor-column elementor-col-50 elementor-top-column elementor-element elementor-element-b0d3a32\" data-id=\"b0d3a32\" data-element_type=\"column\">\n\t\t\t<div class=\"elementor-widget-wrap elementor-element-populated\">\n\t\t\t\t\t\t<div class=\"elementor-element elementor-element-c9ee0ae elementor-widget elementor-widget-text-editor\" data-id=\"c9ee0ae\" data-element_type=\"widget\" data-widget_type=\"text-editor.default\">\n\t\t\t\t<div class=\"elementor-widget-container\">\n\t\t\t\t\t\t\t<p>\u00cbsht\u00eb nj\u00eb sht\u00ebpi q\u00eb nga m\u00ebnyra e nd\u00ebrtimit dhe arkitektura \u00ebsht\u00eb e ve\u00e7ant\u00eb n\u00eb llojin e vet n\u00eb trev\u00ebn e Elbasanit. N\u00eb planin kompozicional dhe n\u00eb p\u00ebrgjith\u00ebsi n\u00eb konceptimin e saj funksionalo &#8211; arkitektonik, kjo banes\u00eb i ngjan shum\u00eb banesave me \u00e7ardak q\u00eb gjejm\u00eb n\u00eb Berat e Shkod\u00ebr. Banesa ka kaluar n\u00eb tre faza nd\u00ebrtimi: Faza e 1-r\u00eb &#8211; i ka munguar Balli (\u00e7ardaku me mjediset e krah\u00ebve n\u00eb an\u00eb). Posht\u00eb ndodhen hajati e katoi, sip\u00ebr mjediset e banimit e anekset e sh\u00ebrbimit q\u00eb lidhen mes tyre me shkall\u00eb druri. Oda e Mir\u00eb \u00ebsht\u00eb shembulli m\u00eb i arritur me musand\u00ebr trapazan, dollap\u00eb e tavan me ornamente. Faza e 2-t\u00eb i takon gjysm\u00ebs s\u00eb dyt\u00eb t\u00eb shek.XIX. Faza e 3-t\u00eb i takon fillimit t\u00eb shek.XX.\u00a0 Banesa p\u00ebrb\u00ebhet nga dy kate. Nga kati n\u00eb kat komunikohet nep\u00ebrmjet shkall\u00ebve t\u00eb drurit.<\/p>\t\t\t\t\t\t<\/div>\n\t\t\t\t<\/div>\n\t\t\t\t\t<\/div>\n\t\t<\/div>\n\t\t\t\t\t<\/div>\n\t\t<\/section>\n\t\t\t\t<section class=\"elementor-section elementor-top-section elementor-element elementor-element-7fa9d6c elementor-section-boxed elementor-section-height-default elementor-section-height-default\" data-id=\"7fa9d6c\" data-element_type=\"section\">\n\t\t\t\t\t\t<div class=\"elementor-container elementor-column-gap-no\">\n\t\t\t\t\t<div class=\"elementor-column elementor-col-50 elementor-top-column elementor-element elementor-element-6ccde1f\" data-id=\"6ccde1f\" data-element_type=\"column\">\n\t\t\t<div class=\"elementor-widget-wrap elementor-element-populated\">\n\t\t\t\t\t\t<div class=\"elementor-element elementor-element-67687bc elementor-widget__width-initial elementor-widget-tablet__width-inherit elementor-widget elementor-widget-heading\" data-id=\"67687bc\" data-element_type=\"widget\" data-widget_type=\"heading.default\">\n\t\t\t\t<div class=\"elementor-widget-container\">\n\t\t\t<h5 class=\"elementor-heading-title elementor-size-default\">Kati i Par\u00eb<\/h5>\t\t<\/div>\n\t\t\t\t<\/div>\n\t\t\t\t<div class=\"elementor-element elementor-element-efb35ff elementor-widget elementor-widget-text-editor\" data-id=\"efb35ff\" data-element_type=\"widget\" data-widget_type=\"text-editor.default\">\n\t\t\t\t<div class=\"elementor-widget-container\">\n\t\t\t\t\t\t\t<p><strong>Kati i par\u00eb<\/strong> ka qen\u00eb p\u00ebrdorur si magazin\u00eb ku futeshin prodhimet bujq\u00ebsore dhe ka k\u00ebto ambjente muzeale: korridori, dhoma e p\u00ebrpunimit t\u00eb leshit, dhoma e metaleve dhe e drurit.<\/p>\t\t\t\t\t\t<\/div>\n\t\t\t\t<\/div>\n\t\t\t\t\t<\/div>\n\t\t<\/div>\n\t\t\t\t<div class=\"elementor-column elementor-col-50 elementor-top-column elementor-element elementor-element-28b64ae\" data-id=\"28b64ae\" data-element_type=\"column\">\n\t\t\t<div class=\"elementor-widget-wrap elementor-element-populated\">\n\t\t\t\t\t\t<div class=\"elementor-element elementor-element-4484d4a elementor-widget__width-inherit elementor-widget elementor-widget-image\" data-id=\"4484d4a\" data-element_type=\"widget\" data-widget_type=\"image.default\">\n\t\t\t\t<div class=\"elementor-widget-container\">\n\t\t\t\t\t\t\t\t\t\t\t\t\t<img decoding=\"async\" width=\"1498\" height=\"1000\" src=\"https:\/\/mee.al\/wp-content\/uploads\/2023\/01\/fileethnographic_museum_of_elbasan_06_big-1.jpg\" class=\"attachment-loquet-full size-loquet-full wp-image-6997\" alt=\"\" srcset=\"https:\/\/mee.al\/wp-content\/uploads\/2023\/01\/fileethnographic_museum_of_elbasan_06_big-1.jpg 1498w, https:\/\/mee.al\/wp-content\/uploads\/2023\/01\/fileethnographic_museum_of_elbasan_06_big-1-300x200.jpg 300w, https:\/\/mee.al\/wp-content\/uploads\/2023\/01\/fileethnographic_museum_of_elbasan_06_big-1-1024x684.jpg 1024w, https:\/\/mee.al\/wp-content\/uploads\/2023\/01\/fileethnographic_museum_of_elbasan_06_big-1-768x513.jpg 768w, https:\/\/mee.al\/wp-content\/uploads\/2023\/01\/fileethnographic_museum_of_elbasan_06_big-1-205x137.jpg 205w, https:\/\/mee.al\/wp-content\/uploads\/2023\/01\/fileethnographic_museum_of_elbasan_06_big-1-480x320.jpg 480w, https:\/\/mee.al\/wp-content\/uploads\/2023\/01\/fileethnographic_museum_of_elbasan_06_big-1-415x277.jpg 415w, https:\/\/mee.al\/wp-content\/uploads\/2023\/01\/fileethnographic_museum_of_elbasan_06_big-1-650x434.jpg 650w, https:\/\/mee.al\/wp-content\/uploads\/2023\/01\/fileethnographic_museum_of_elbasan_06_big-1-250x167.jpg 250w, https:\/\/mee.al\/wp-content\/uploads\/2023\/01\/fileethnographic_museum_of_elbasan_06_big-1-600x401.jpg 600w\" sizes=\"(max-width: 1498px) 100vw, 1498px\" \/>\t\t\t\t\t\t\t\t\t\t\t\t\t<\/div>\n\t\t\t\t<\/div>\n\t\t\t\t\t<\/div>\n\t\t<\/div>\n\t\t\t\t\t<\/div>\n\t\t<\/section>\n\t\t\t\t<section class=\"elementor-section elementor-top-section elementor-element elementor-element-e45eaf8 elementor-section-boxed elementor-section-height-default elementor-section-height-default\" data-id=\"e45eaf8\" data-element_type=\"section\">\n\t\t\t\t\t\t<div class=\"elementor-container elementor-column-gap-no\">\n\t\t\t\t\t<div class=\"elementor-column elementor-col-50 elementor-top-column elementor-element elementor-element-fbd1883\" data-id=\"fbd1883\" data-element_type=\"column\">\n\t\t\t<div class=\"elementor-widget-wrap elementor-element-populated\">\n\t\t\t\t\t\t<div class=\"elementor-element elementor-element-9aafe30 elementor-widget__width-initial elementor-widget-tablet__width-inherit elementor-widget elementor-widget-heading\" data-id=\"9aafe30\" data-element_type=\"widget\" data-widget_type=\"heading.default\">\n\t\t\t\t<div class=\"elementor-widget-container\">\n\t\t\t<h5 class=\"elementor-heading-title elementor-size-default\">Kati i Dyt\u00eb<\/h5>\t\t<\/div>\n\t\t\t\t<\/div>\n\t\t\t\t<div class=\"elementor-element elementor-element-e42d8c3 elementor-widget elementor-widget-image\" data-id=\"e42d8c3\" data-element_type=\"widget\" data-widget_type=\"image.default\">\n\t\t\t\t<div class=\"elementor-widget-container\">\n\t\t\t\t\t\t\t\t\t\t\t\t\t<img loading=\"lazy\" decoding=\"async\" width=\"1498\" height=\"1000\" src=\"https:\/\/mee.al\/wp-content\/uploads\/2023\/01\/fileethnographic_museum_of_elbasan_07_big.jpg\" class=\"attachment-loquet-full size-loquet-full wp-image-6203\" alt=\"\" srcset=\"https:\/\/mee.al\/wp-content\/uploads\/2023\/01\/fileethnographic_museum_of_elbasan_07_big.jpg 1498w, https:\/\/mee.al\/wp-content\/uploads\/2023\/01\/fileethnographic_museum_of_elbasan_07_big-300x200.jpg 300w, https:\/\/mee.al\/wp-content\/uploads\/2023\/01\/fileethnographic_museum_of_elbasan_07_big-1024x684.jpg 1024w, https:\/\/mee.al\/wp-content\/uploads\/2023\/01\/fileethnographic_museum_of_elbasan_07_big-768x513.jpg 768w, https:\/\/mee.al\/wp-content\/uploads\/2023\/01\/fileethnographic_museum_of_elbasan_07_big-205x137.jpg 205w, https:\/\/mee.al\/wp-content\/uploads\/2023\/01\/fileethnographic_museum_of_elbasan_07_big-480x320.jpg 480w, https:\/\/mee.al\/wp-content\/uploads\/2023\/01\/fileethnographic_museum_of_elbasan_07_big-415x277.jpg 415w, https:\/\/mee.al\/wp-content\/uploads\/2023\/01\/fileethnographic_museum_of_elbasan_07_big-650x434.jpg 650w, https:\/\/mee.al\/wp-content\/uploads\/2023\/01\/fileethnographic_museum_of_elbasan_07_big-250x167.jpg 250w, https:\/\/mee.al\/wp-content\/uploads\/2023\/01\/fileethnographic_museum_of_elbasan_07_big-600x401.jpg 600w\" sizes=\"(max-width: 1498px) 100vw, 1498px\" \/>\t\t\t\t\t\t\t\t\t\t\t\t\t<\/div>\n\t\t\t\t<\/div>\n\t\t\t\t\t<\/div>\n\t\t<\/div>\n\t\t\t\t<div class=\"elementor-column elementor-col-50 elementor-top-column elementor-element elementor-element-392bc4c\" data-id=\"392bc4c\" data-element_type=\"column\">\n\t\t\t<div class=\"elementor-widget-wrap elementor-element-populated\">\n\t\t\t\t\t\t<div class=\"elementor-element elementor-element-c5e9674 elementor-widget elementor-widget-text-editor\" data-id=\"c5e9674\" data-element_type=\"widget\" data-widget_type=\"text-editor.default\">\n\t\t\t\t<div class=\"elementor-widget-container\">\n\t\t\t\t\t\t\t<p><strong>Kati i dyt\u00eb<\/strong> ka qen\u00eb p\u00ebrdorur si vend banimi dhe p\u00ebrb\u00ebhet nga k\u00ebto ambjente: koridori, dhoma e burrave, dhoma e grave dhoma e pun\u00ebs s\u00eb vajzave, dhoma e nuses.<\/p>\t\t\t\t\t\t<\/div>\n\t\t\t\t<\/div>\n\t\t\t\t\t<\/div>\n\t\t<\/div>\n\t\t\t\t\t<\/div>\n\t\t<\/section>\n\t\t\t\t<\/div>","protected":false},"excerpt":{"rendered":"<p>T\u00eb dh\u00ebna t\u00eb p\u00ebrgjithshme Muzeu Etnografik i Elbasanit \u00ebsht\u00eb nd\u00ebrtuar n\u00eb nj\u00eb sht\u00ebpi karakteristike me \u00e7ardak q\u00eb i takon shek.XVIII. Elbasanasit e njohin si sht\u00ebpia&#8230;<\/p>","protected":false},"author":1,"featured_media":0,"parent":0,"menu_order":0,"comment_status":"closed","ping_status":"closed","template":"","meta":{"footnotes":""},"class_list":["post-15","page","type-page","status-publish","hentry"],"_links":{"self":[{"href":"https:\/\/mee.al\/en\/wp-json\/wp\/v2\/pages\/15","targetHints":{"allow":["GET"]}}],"collection":[{"href":"https:\/\/mee.al\/en\/wp-json\/wp\/v2\/pages"}],"about":[{"href":"https:\/\/mee.al\/en\/wp-json\/wp\/v2\/types\/page"}],"author":[{"embeddable":true,"href":"https:\/\/mee.al\/en\/wp-json\/wp\/v2\/users\/1"}],"replies":[{"embeddable":true,"href":"https:\/\/mee.al\/en\/wp-json\/wp\/v2\/comments?post=15"}],"version-history":[{"count":8,"href":"https:\/\/mee.al\/en\/wp-json\/wp\/v2\/pages\/15\/revisions"}],"predecessor-version":[{"id":12274,"href":"https:\/\/mee.al\/en\/wp-json\/wp\/v2\/pages\/15\/revisions\/12274"}],"wp:attachment":[{"href":"https:\/\/mee.al\/en\/wp-json\/wp\/v2\/media?parent=15"}],"curies":[{"name":"wp","href":"https:\/\/api.w.org\/{rel}","templated":true}]}}