{"id":22,"date":"2021-09-11T21:48:51","date_gmt":"2021-09-11T21:48:51","guid":{"rendered":"https:\/\/demo.gloriathemes.com\/loquet\/demo\/?page_id=22"},"modified":"2023-10-19T20:01:36","modified_gmt":"2023-10-19T20:01:36","slug":"kontaktoni","status":"publish","type":"page","link":"https:\/\/mee.al\/en\/kontaktoni\/","title":{"rendered":"Contact"},"content":{"rendered":"<div data-elementor-type=\"wp-page\" data-elementor-id=\"22\" class=\"elementor elementor-22\">\n\t\t\t\t\t\t<section class=\"elementor-section elementor-top-section elementor-element elementor-element-6180403 elementor-section-content-middle elementor-section-full_width elementor-section-height-default elementor-section-height-default\" data-id=\"6180403\" data-element_type=\"section\">\n\t\t\t\t\t\t<div class=\"elementor-container elementor-column-gap-default\">\n\t\t\t\t\t<div class=\"elementor-column elementor-col-50 elementor-top-column elementor-element elementor-element-59594c1\" data-id=\"59594c1\" data-element_type=\"column\">\n\t\t\t<div class=\"elementor-widget-wrap elementor-element-populated\">\n\t\t\t\t\t\t<div class=\"elementor-element elementor-element-a032639 elementor-widget elementor-widget-google_maps\" data-id=\"a032639\" data-element_type=\"widget\" data-widget_type=\"google_maps.default\">\n\t\t\t\t<div class=\"elementor-widget-container\">\n\t\t\t\t\t<div class=\"elementor-custom-embed\">\n\t\t\t<iframe loading=\"lazy\"\n\t\t\t\t\tsrc=\"https:\/\/www.google.com\/maps\/embed\/v1\/place?key=AIzaSyChL9keKSanSY2Lsf8UOZZddHc6K9rjDJY&#038;q=Muzeu%20Etnografik%20Elbasan&#038;zoom=17\"\n\t\t\t\t\ttitle=\"Muzeu Etnografik Elbasan\"\n\t\t\t\t\taria-label=\"Muzeu Etnografik Elbasan\"\n\t\t\t><\/iframe>\n\t\t<\/div>\n\t\t\t\t<\/div>\n\t\t\t\t<\/div>\n\t\t\t\t\t<\/div>\n\t\t<\/div>\n\t\t\t\t<div class=\"elementor-column elementor-col-50 elementor-top-column elementor-element elementor-element-c45937f\" data-id=\"c45937f\" data-element_type=\"column\">\n\t\t\t<div class=\"elementor-widget-wrap elementor-element-populated\">\n\t\t\t\t\t\t<div class=\"elementor-element elementor-element-64691ab elementor-widget__width-initial elementor-widget elementor-widget-loquet-service-boxes-widget\" data-id=\"64691ab\" data-element_type=\"widget\" data-widget_type=\"loquet-service-boxes-widget.default\">\n\t\t\t\t<div class=\"elementor-widget-container\">\n\t\t\t<div class=\"gt-service-boxes gt-style-2 gt-light gt-align-center\"><div class=\"gt-grid gt-grid-1 gt-spacing-5\"><div class=\"gt-grid-col\"><div class=\"gt-sb-header\"><div class=\"gt-left\"><div class=\"gt-image\"><\/div><\/div><div class=\"gt-right\"><div class=\"gt-title\">Museum Hours<\/div><\/div><\/div><div class=\"gt-content\"><p><strong>Monday - Friday<\/strong><br \/><strong>8:00 AM - 4:00 PM<\/strong><br \/><strong>Saturday - Sunday<\/strong><br \/><strong>9:15 AM - 1:45 PM<\/strong><\/p>\n<\/div><\/div><div class=\"gt-grid-col\"><div class=\"gt-sb-header\"><div class=\"gt-left\"><div class=\"gt-image\"><\/div><\/div><div class=\"gt-right\"><div class=\"gt-title\">Location<\/div><\/div><\/div><div class=\"gt-content\"><p>Rruga 11 N\u00ebntori, 3000, Elbasan, Albania<\/p>\n<\/div><\/div><\/div><\/div>\t\t<\/div>\n\t\t\t\t<\/div>\n\t\t\t\t\t<\/div>\n\t\t<\/div>\n\t\t\t\t\t<\/div>\n\t\t<\/section>\n\t\t\t\t<section class=\"elementor-section elementor-top-section elementor-element elementor-element-6761124 elementor-section-boxed elementor-section-height-default elementor-section-height-default\" data-id=\"6761124\" data-element_type=\"section\">\n\t\t\t\t\t\t<div class=\"elementor-container elementor-column-gap-no\">\n\t\t\t\t\t<div class=\"elementor-column elementor-col-33 elementor-top-column elementor-element elementor-element-5d155ec\" data-id=\"5d155ec\" data-element_type=\"column\">\n\t\t\t<div class=\"elementor-widget-wrap elementor-element-populated\">\n\t\t\t\t\t\t<div class=\"elementor-element elementor-element-4b375cc elementor-widget elementor-widget-text-editor\" data-id=\"4b375cc\" data-element_type=\"widget\" data-widget_type=\"text-editor.default\">\n\t\t\t\t<div class=\"elementor-widget-container\">\n\t\t\t\t\t\t\t<p>Na shkruani n\u00ebse keni m\u00eb shum\u00eb pyetje apo k\u00ebrkoni m\u00eb shum\u00eb informacion mbi muzeun dhe aktivitetin e tij.<\/p><p>Stafi i muzeut do tju p\u00ebrgjigjet sapo t\u00eb jet\u00eb e mundur.<\/p><p>Faleminderit p\u00ebr interesin.<\/p>\t\t\t\t\t\t<\/div>\n\t\t\t\t<\/div>\n\t\t\t\t\t<\/div>\n\t\t<\/div>\n\t\t\t\t<div class=\"elementor-column elementor-col-66 elementor-top-column elementor-element elementor-element-75d4669\" data-id=\"75d4669\" data-element_type=\"column\" data-settings=\"{&quot;background_background&quot;:&quot;classic&quot;}\">\n\t\t\t<div class=\"elementor-widget-wrap elementor-element-populated\">\n\t\t\t\t\t\t<div class=\"elementor-element elementor-element-fab0c78 elementor-widget elementor-widget-heading\" data-id=\"fab0c78\" data-element_type=\"widget\" data-widget_type=\"heading.default\">\n\t\t\t\t<div class=\"elementor-widget-container\">\n\t\t\t<h4 class=\"elementor-heading-title elementor-size-default\">Na shkruani<\/h4>\t\t<\/div>\n\t\t\t\t<\/div>\n\t\t\t\t<div class=\"elementor-element elementor-element-ed01ed7 elementor-widget elementor-widget-shortcode\" data-id=\"ed01ed7\" data-element_type=\"widget\" data-widget_type=\"shortcode.default\">\n\t\t\t\t<div class=\"elementor-widget-container\">\n\t\t\t\t\t<div class=\"elementor-shortcode\">\n<div class=\"wpcf7 no-js\" id=\"wpcf7-f4253-o1\" lang=\"en-US\" dir=\"ltr\">\n<div class=\"screen-reader-response\"><p role=\"status\" aria-live=\"polite\" aria-atomic=\"true\"><\/p> <ul><\/ul><\/div>\n<form action=\"\/en\/wp-json\/wp\/v2\/pages\/22#wpcf7-f4253-o1\" method=\"post\" class=\"wpcf7-form init\" aria-label=\"Contact form\" novalidate=\"novalidate\" data-status=\"init\" data-trp-original-action=\"\/en\/wp-json\/wp\/v2\/pages\/22#wpcf7-f4253-o1\">\n<div style=\"display: none;\">\n<input type=\"hidden\" name=\"_wpcf7\" value=\"4253\" \/>\n<input type=\"hidden\" name=\"_wpcf7_version\" value=\"5.8.6\" \/>\n<input type=\"hidden\" name=\"_wpcf7_locale\" value=\"en_US\" \/>\n<input type=\"hidden\" name=\"_wpcf7_unit_tag\" value=\"wpcf7-f4253-o1\" \/>\n<input type=\"hidden\" name=\"_wpcf7_container_post\" value=\"0\" \/>\n<input type=\"hidden\" name=\"_wpcf7_posted_data_hash\" value=\"\" \/>\n<\/div>\n<div class=\"gt-grid gt-grid-1 gt-spacing-20\">\n\t<div class=\"gt-grid-col\">\n\t\t<div class=\"gt-grid gt-grid-2 gt-spacing-20\">\n\t\t\t<div class=\"gt-grid-col\">\n\t\t\t\t<label>Name<\/label>\n\t\t\t\t<span class=\"wpcf7-form-control-wrap\" data-name=\"your-name\"><input size=\"40\" class=\"wpcf7-form-control wpcf7-text wpcf7-validates-as-required\" aria-required=\"true\" aria-invalid=\"false\" value=\"\" type=\"text\" name=\"your-name\" \/><\/span>\n\t\t\t<\/div>\n\t\t\t<div class=\"gt-grid-col\">\n\t\t\t\t<label>Email<\/label>\n\t\t\t\t<span class=\"wpcf7-form-control-wrap\" data-name=\"your-email\"><input size=\"40\" class=\"wpcf7-form-control wpcf7-email wpcf7-validates-as-required wpcf7-text wpcf7-validates-as-email\" aria-required=\"true\" aria-invalid=\"false\" value=\"\" type=\"email\" name=\"your-email\" \/><\/span>\n\t\t\t<\/div>\n\t\t<\/div>\n\t<\/div>\n\t<div class=\"gt-grid-col\">\n\t\t<label>Subject<\/label>\n\t\t<span class=\"wpcf7-form-control-wrap\" data-name=\"your-subject\"><input size=\"40\" class=\"wpcf7-form-control wpcf7-text wpcf7-validates-as-required\" aria-required=\"true\" aria-invalid=\"false\" value=\"\" type=\"text\" name=\"your-subject\" \/><\/span>\n\t<\/div>\n\t<div class=\"gt-grid-col\">\n\t\t<label>Message<\/label>\n\t\t<span class=\"wpcf7-form-control-wrap\" data-name=\"your-message\"><textarea cols=\"40\" rows=\"6\" class=\"wpcf7-form-control wpcf7-textarea\" aria-invalid=\"false\" name=\"your-message\"><\/textarea><\/span>\n\t<\/div>\n\t<div class=\"gt-grid-col\">\n\t\t<input class=\"wpcf7-form-control wpcf7-submit has-spinner gt-button gt-inline\" type=\"submit\" value=\"Send your message\" \/>\n\t<\/div>\n<\/div><div class=\"wpcf7-response-output\" aria-hidden=\"true\"><\/div>\n<input type=\"hidden\" name=\"trp-form-language\" value=\"en\"\/><\/form>\n<\/div>\n<\/div>\n\t\t\t\t<\/div>\n\t\t\t\t<\/div>\n\t\t\t\t\t<\/div>\n\t\t<\/div>\n\t\t\t\t\t<\/div>\n\t\t<\/section>\n\t\t\t\t<section class=\"elementor-section elementor-top-section elementor-element elementor-element-ec231d0 elementor-section-full_width elementor-section-stretched elementor-section-height-default elementor-section-height-default\" data-id=\"ec231d0\" data-element_type=\"section\" data-settings=\"{&quot;stretch_section&quot;:&quot;section-stretched&quot;,&quot;background_background&quot;:&quot;classic&quot;}\">\n\t\t\t\t\t\t<div class=\"elementor-container elementor-column-gap-no\">\n\t\t\t\t\t<div class=\"elementor-column elementor-col-100 elementor-top-column elementor-element elementor-element-c3d7897\" data-id=\"c3d7897\" data-element_type=\"column\" data-settings=\"{&quot;background_background&quot;:&quot;classic&quot;}\">\n\t\t\t<div class=\"elementor-widget-wrap elementor-element-populated\">\n\t\t\t\t\t\t<div class=\"elementor-element elementor-element-28d25c0 elementor-widget elementor-widget-loquet-google-maps-widget\" data-id=\"28d25c0\" data-element_type=\"widget\" data-widget_type=\"loquet-google-maps-widget.default\">\n\t\t\t\t<div class=\"elementor-widget-container\">\n\t\t\t<div class=\"gt-maps gt-google-maps\"><div id=\"google_maps\" class=\"gt-maps-canvas\"><\/div><ul data-zoom=\"13\" data-lat=\"41.11205576750497\" data-lng=\"20.083015445508313\" data-type=\"false\" data-scale=\"true\" data-zoom-control=\"true\" data-map-style=\"2\" data-street=\"false\" data-icon=\"\" data-fullscreen=\"true\" data-first-info=\"false\" data-close-icon=\"https:\/\/mee.al\/wp-content\/themes\/loquet\/includes\/assets\/img\/map-close.svg\"><li data-lat=\"41.1120586652286\" data-lng=\"20.08301544550831\" data-icon=\"\"><div class=\"gt-map-popup-wrapper\"><div class=\"gt-map-popup elementor-repeater-item-fba5ac3\"><div class=\"gt-inner\"><div class=\"gt-title\">Ethnographic Museum<\/div><div class=\"gt-text\"><p>Aenean non laoreet enim. Nullam sit amet aliquam mauris, quis dignissim est. Morbi id orci at sem consequat lobortis nec nec elit. Aenean non laoreet enim. Nullam sit amet aliquam mauris, quis dignissim.<\/p>\n<\/div><\/div><\/div><\/div><\/li><\/ul><\/div>\t\t<\/div>\n\t\t\t\t<\/div>\n\t\t\t\t\t<\/div>\n\t\t<\/div>\n\t\t\t\t\t<\/div>\n\t\t<\/section>\n\t\t\t\t<\/div>","protected":false},"excerpt":{"rendered":"<p>Orari i Muzeut E h\u00ebn\u00eb &#8211; E premte8:00 AM &#8211; 4:00 PME shtun\u00eb &#8211; E diel\u00eb9:15 AM &#8211; 1:45 PM Adresa e Muzeut Rruga 11&#8230;<\/p>","protected":false},"author":1,"featured_media":0,"parent":0,"menu_order":0,"comment_status":"closed","ping_status":"closed","template":"","meta":{"footnotes":""},"class_list":["post-22","page","type-page","status-publish","hentry"],"_links":{"self":[{"href":"https:\/\/mee.al\/en\/wp-json\/wp\/v2\/pages\/22","targetHints":{"allow":["GET"]}}],"collection":[{"href":"https:\/\/mee.al\/en\/wp-json\/wp\/v2\/pages"}],"about":[{"href":"https:\/\/mee.al\/en\/wp-json\/wp\/v2\/types\/page"}],"author":[{"embeddable":true,"href":"https:\/\/mee.al\/en\/wp-json\/wp\/v2\/users\/1"}],"replies":[{"embeddable":true,"href":"https:\/\/mee.al\/en\/wp-json\/wp\/v2\/comments?post=22"}],"version-history":[{"count":13,"href":"https:\/\/mee.al\/en\/wp-json\/wp\/v2\/pages\/22\/revisions"}],"predecessor-version":[{"id":12231,"href":"https:\/\/mee.al\/en\/wp-json\/wp\/v2\/pages\/22\/revisions\/12231"}],"wp:attachment":[{"href":"https:\/\/mee.al\/en\/wp-json\/wp\/v2\/media?parent=22"}],"curies":[{"name":"wp","href":"https:\/\/api.w.org\/{rel}","templated":true}]}}