{"id":131,"date":"2021-09-11T22:24:58","date_gmt":"2021-09-11T22:24:58","guid":{"rendered":"https:\/\/demo.gloriathemes.com\/loquet\/demo\/?page_id=131"},"modified":"2023-10-07T03:20:16","modified_gmt":"2023-10-07T03:20:16","slug":"eventet","status":"publish","type":"page","link":"https:\/\/mee.al\/sq\/eventet\/","title":{"rendered":"Eventet"},"content":{"rendered":"\t\t<div data-elementor-type=\"wp-page\" data-elementor-id=\"131\" class=\"elementor elementor-131\">\n\t\t\t\t\t\t<section class=\"elementor-section elementor-top-section elementor-element elementor-element-95d0c97 elementor-section-full_width elementor-section-height-default elementor-section-height-default\" data-id=\"95d0c97\" data-element_type=\"section\">\n\t\t\t\t\t\t<div class=\"elementor-container elementor-column-gap-no\">\n\t\t\t\t\t<div class=\"elementor-column elementor-col-100 elementor-top-column elementor-element elementor-element-dcbf119\" data-id=\"dcbf119\" data-element_type=\"column\">\n\t\t\t<div class=\"elementor-widget-wrap elementor-element-populated\">\n\t\t\t\t\t\t<div class=\"elementor-element elementor-element-c9aab57 elementor-widget elementor-widget-loquet-events-widget\" data-id=\"c9aab57\" data-element_type=\"widget\" data-widget_type=\"loquet-events-widget.default\">\n\t\t\t\t<div class=\"elementor-widget-container\">\n\t\t\t<div class=\"gt-events-listing gt-style-3 gt-light gt-align-left\"><div class=\"gt-grid gt-grid-1 gt-spacing-0\"><div class=\"gt-grid-col\"><div class=\"gt-item\"><div class=\"gt-date gt-big-date\">Korrik 1, 2022<span>2026<\/span><div class=\"gt-start-time\">5:00 am<\/div><\/div><div class=\"gt-image\"><a href=\"https:\/\/mee.al\/sq\/event\/archives-of-etnographic-museum-dwelling-on-the-past\/\"><img fetchpriority=\"high\" decoding=\"async\" width=\"350\" height=\"350\" src=\"https:\/\/mee.al\/wp-content\/uploads\/2021\/09\/17-350x350.jpg\" class=\"attachment-loquet-thumbnail-2 size-loquet-thumbnail-2 wp-post-image\" alt=\"\" srcset=\"https:\/\/mee.al\/wp-content\/uploads\/2021\/09\/17-350x350.jpg 350w, https:\/\/mee.al\/wp-content\/uploads\/2021\/09\/17-150x150.jpg 150w, https:\/\/mee.al\/wp-content\/uploads\/2021\/09\/17-40x40.jpg 40w, https:\/\/mee.al\/wp-content\/uploads\/2021\/09\/17-275x275.jpg 275w, https:\/\/mee.al\/wp-content\/uploads\/2021\/09\/17-100x100.jpg 100w, https:\/\/mee.al\/wp-content\/uploads\/2021\/09\/17-650x650.jpg 650w, https:\/\/mee.al\/wp-content\/uploads\/2021\/09\/17-500x500.jpg 500w, https:\/\/mee.al\/wp-content\/uploads\/2021\/09\/17-300x300.jpg 300w\" sizes=\"(max-width: 350px) 100vw, 350px\" \/><\/a><\/div><div class=\"gt-content\"><div class=\"gt-category\"><ul><li><a href=\"https:\/\/mee.al\/sq\/events\/category\/tour\/?post_type=events\">Tour<\/a><\/li><\/ul><\/div><div class=\"gt-title\"><a href=\"https:\/\/mee.al\/sq\/event\/archives-of-etnographic-museum-dwelling-on-the-past\/\">Arkivat e Muzeut Etnografik: kredhje n\u00eb t\u00eb shkuar\u00ebn<\/a><\/div><div class=\"gt-date\">Korrik 25, 2022 @ 8:30 am<\/div><div class=\"gt-venue\">Muzeu Entografik Elbasan<\/div><div class=\"gt-desc\"><p>Faqja n\u00eb testi. S\u00eb shpejti sjellim informacion t\u00eb plot\u00eb.<\/p>\n<\/div><\/div><\/div><\/div><\/div><\/div>\t\t<\/div>\n\t\t\t\t<\/div>\n\t\t\t\t\t<\/div>\n\t\t<\/div>\n\t\t\t\t\t<\/div>\n\t\t<\/section>\n\t\t\t\t<section class=\"elementor-section elementor-top-section elementor-element elementor-element-9f20f22 elementor-section-boxed elementor-section-height-default elementor-section-height-default\" data-id=\"9f20f22\" data-element_type=\"section\">\n\t\t\t\t\t\t<div class=\"elementor-container elementor-column-gap-default\">\n\t\t\t\t\t<div class=\"elementor-column elementor-col-100 elementor-top-column elementor-element elementor-element-9a097a3\" data-id=\"9a097a3\" data-element_type=\"column\">\n\t\t\t<div class=\"elementor-widget-wrap elementor-element-populated\">\n\t\t\t\t\t\t<div class=\"elementor-element elementor-element-91175d0 elementor-widget elementor-widget-spacer\" data-id=\"91175d0\" data-element_type=\"widget\" data-widget_type=\"spacer.default\">\n\t\t\t\t<div class=\"elementor-widget-container\">\n\t\t\t\t\t<div class=\"elementor-spacer\">\n\t\t\t<div class=\"elementor-spacer-inner\"><\/div>\n\t\t<\/div>\n\t\t\t\t<\/div>\n\t\t\t\t<\/div>\n\t\t\t\t\t<\/div>\n\t\t<\/div>\n\t\t\t\t\t<\/div>\n\t\t<\/section>\n\t\t\t\t<section class=\"elementor-section elementor-top-section elementor-element elementor-element-eb7afb2 elementor-section-boxed elementor-section-height-default elementor-section-height-default\" data-id=\"eb7afb2\" data-element_type=\"section\">\n\t\t\t\t\t\t<div class=\"elementor-container elementor-column-gap-default\">\n\t\t\t\t\t<div class=\"elementor-column elementor-col-100 elementor-top-column elementor-element elementor-element-c19050d\" data-id=\"c19050d\" data-element_type=\"column\">\n\t\t\t<div class=\"elementor-widget-wrap elementor-element-populated\">\n\t\t\t\t\t\t<section class=\"elementor-section elementor-inner-section elementor-element elementor-element-b819d1f elementor-section-boxed elementor-section-height-default elementor-section-height-default\" data-id=\"b819d1f\" data-element_type=\"section\">\n\t\t\t\t\t\t<div class=\"elementor-container elementor-column-gap-default\">\n\t\t\t\t\t<div class=\"elementor-column elementor-col-50 elementor-inner-column elementor-element elementor-element-1fa8311\" data-id=\"1fa8311\" data-element_type=\"column\">\n\t\t\t<div class=\"elementor-widget-wrap elementor-element-populated\">\n\t\t\t\t\t\t<div class=\"elementor-element elementor-element-6d896f6 elementor-widget elementor-widget-loquet-heading-widget\" data-id=\"6d896f6\" data-element_type=\"widget\" data-widget_type=\"loquet-heading-widget.default\">\n\t\t\t\t<div class=\"elementor-widget-container\">\n\t\t\t<div class=\"gt-module-title gt-style-1 gt-align-left gt-light\"><div class=\"gt-sub-title\"><span>q\u00ebndro i informuar<\/span><\/div><div class=\"gt-title\">Bashkohu list\u00ebs son\u00eb t\u00eb emailave p\u00ebr tu informuar menj\u00ebher\u00eb p\u00ebr eventet e ve\u00e7anta dhe m\u00eb shum\u00eb!<\/div><\/div>\t\t<\/div>\n\t\t\t\t<\/div>\n\t\t\t\t\t<\/div>\n\t\t<\/div>\n\t\t\t\t<div class=\"elementor-column elementor-col-50 elementor-inner-column elementor-element elementor-element-c52b1b7\" data-id=\"c52b1b7\" data-element_type=\"column\">\n\t\t\t<div class=\"elementor-widget-wrap elementor-element-populated\">\n\t\t\t\t\t\t<div class=\"elementor-element elementor-element-caf9dd1 elementor-widget elementor-widget-button\" data-id=\"caf9dd1\" data-element_type=\"widget\" data-widget_type=\"button.default\">\n\t\t\t\t<div class=\"elementor-widget-container\">\n\t\t\t\t\t<div class=\"elementor-button-wrapper\">\n\t\t\t<a class=\"elementor-button elementor-button-link elementor-size-sm\" href=\"#\">\n\t\t\t\t\t\t<span class=\"elementor-button-content-wrapper\">\n\t\t\t\t\t\t\t\t\t<span class=\"elementor-button-text\">Regjistrohu<\/span>\n\t\t\t\t\t<\/span>\n\t\t\t\t\t<\/a>\n\t\t<\/div>\n\t\t\t\t<\/div>\n\t\t\t\t<\/div>\n\t\t\t\t\t<\/div>\n\t\t<\/div>\n\t\t\t\t\t<\/div>\n\t\t<\/section>\n\t\t\t\t\t<\/div>\n\t\t<\/div>\n\t\t\t\t\t<\/div>\n\t\t<\/section>\n\t\t\t\t<\/div>\n\t\t","protected":false},"excerpt":{"rendered":"<p>15 Dhjetor, 2022202311:30 pm Tour Thurja : nj\u00eb tradit\u00eb16 Shtator @ 2:00 amHilpert, McKenzie and LebsackBobbie Huel Hilpert, McKenzie and Lebsack hosts Digitized leadingedge benchmark,&#8230;<\/p>\n","protected":false},"author":1,"featured_media":0,"parent":0,"menu_order":0,"comment_status":"closed","ping_status":"closed","template":"","meta":{"footnotes":""},"class_list":["post-131","page","type-page","status-publish","hentry"],"_links":{"self":[{"href":"https:\/\/mee.al\/sq\/wp-json\/wp\/v2\/pages\/131","targetHints":{"allow":["GET"]}}],"collection":[{"href":"https:\/\/mee.al\/sq\/wp-json\/wp\/v2\/pages"}],"about":[{"href":"https:\/\/mee.al\/sq\/wp-json\/wp\/v2\/types\/page"}],"author":[{"embeddable":true,"href":"https:\/\/mee.al\/sq\/wp-json\/wp\/v2\/users\/1"}],"replies":[{"embeddable":true,"href":"https:\/\/mee.al\/sq\/wp-json\/wp\/v2\/comments?post=131"}],"version-history":[{"count":1,"href":"https:\/\/mee.al\/sq\/wp-json\/wp\/v2\/pages\/131\/revisions"}],"predecessor-version":[{"id":12100,"href":"https:\/\/mee.al\/sq\/wp-json\/wp\/v2\/pages\/131\/revisions\/12100"}],"wp:attachment":[{"href":"https:\/\/mee.al\/sq\/wp-json\/wp\/v2\/media?parent=131"}],"curies":[{"name":"wp","href":"https:\/\/api.w.org\/{rel}","templated":true}]}}