{"id":4710,"date":"2021-10-08T22:02:59","date_gmt":"2021-10-08T22:02:59","guid":{"rendered":"https:\/\/demo.gloriathemes.com\/loquet\/demo\/?page_id=4710"},"modified":"2023-10-20T01:12:37","modified_gmt":"2023-10-20T01:12:37","slug":"vizitoni-muzeun","status":"publish","type":"page","link":"https:\/\/mee.al\/sq\/vizitoni-muzeun\/","title":{"rendered":"Vizitoni muzeun"},"content":{"rendered":"\t\t<div data-elementor-type=\"wp-page\" data-elementor-id=\"4710\" class=\"elementor elementor-4710\">\n\t\t\t\t\t\t<section class=\"elementor-section elementor-top-section elementor-element elementor-element-1286251 elementor-section-boxed elementor-section-height-default elementor-section-height-default\" data-id=\"1286251\" data-element_type=\"section\">\n\t\t\t\t\t\t<div class=\"elementor-container elementor-column-gap-no\">\n\t\t\t\t\t<div class=\"elementor-column elementor-col-100 elementor-top-column elementor-element elementor-element-042b3ca\" data-id=\"042b3ca\" data-element_type=\"column\">\n\t\t\t<div class=\"elementor-widget-wrap elementor-element-populated\">\n\t\t\t\t\t\t<div class=\"elementor-element elementor-element-13838a0 elementor-widget elementor-widget-accordion\" data-id=\"13838a0\" data-element_type=\"widget\" data-widget_type=\"accordion.default\">\n\t\t\t\t<div class=\"elementor-widget-container\">\n\t\t\t\t\t<div class=\"elementor-accordion\">\n\t\t\t\t\t\t\t<div class=\"elementor-accordion-item\">\n\t\t\t\t\t<div id=\"elementor-tab-title-2041\" class=\"elementor-tab-title\" data-tab=\"1\" role=\"button\" aria-controls=\"elementor-tab-content-2041\" aria-expanded=\"false\">\n\t\t\t\t\t\t\t\t\t\t\t\t\t<span class=\"elementor-accordion-icon elementor-accordion-icon-right\" aria-hidden=\"true\">\n\t\t\t\t\t\t\t\t\t\t\t\t\t\t\t<span class=\"elementor-accordion-icon-closed\"><i class=\"fas fa-chevron-down\"><\/i><\/span>\n\t\t\t\t\t\t\t\t<span class=\"elementor-accordion-icon-opened\"><i class=\"fas fa-chevron-up\"><\/i><\/span>\n\t\t\t\t\t\t\t\t\t\t\t\t\t\t<\/span>\n\t\t\t\t\t\t\t\t\t\t\t\t<a class=\"elementor-accordion-title\" tabindex=\"0\">T\u00eb rriturit: <\/a>\n\t\t\t\t\t<\/div>\n\t\t\t\t\t<div id=\"elementor-tab-content-2041\" class=\"elementor-tab-content elementor-clearfix\" data-tab=\"1\" role=\"region\" aria-labelledby=\"elementor-tab-title-2041\"><div class=\"gt-button gt-style-1 gt-inline-block\"><a href=\"#\">Blej bilet\u00ebn<\/a><\/div><\/div>\n\t\t\t\t<\/div>\n\t\t\t\t\t\t\t<div class=\"elementor-accordion-item\">\n\t\t\t\t\t<div id=\"elementor-tab-title-2042\" class=\"elementor-tab-title\" data-tab=\"2\" role=\"button\" aria-controls=\"elementor-tab-content-2042\" aria-expanded=\"false\">\n\t\t\t\t\t\t\t\t\t\t\t\t\t<span class=\"elementor-accordion-icon elementor-accordion-icon-right\" aria-hidden=\"true\">\n\t\t\t\t\t\t\t\t\t\t\t\t\t\t\t<span class=\"elementor-accordion-icon-closed\"><i class=\"fas fa-chevron-down\"><\/i><\/span>\n\t\t\t\t\t\t\t\t<span class=\"elementor-accordion-icon-opened\"><i class=\"fas fa-chevron-up\"><\/i><\/span>\n\t\t\t\t\t\t\t\t\t\t\t\t\t\t<\/span>\n\t\t\t\t\t\t\t\t\t\t\t\t<a class=\"elementor-accordion-title\" tabindex=\"0\">Student\u00ebt:<\/a>\n\t\t\t\t\t<\/div>\n\t\t\t\t\t<div id=\"elementor-tab-content-2042\" class=\"elementor-tab-content elementor-clearfix\" data-tab=\"2\" role=\"region\" aria-labelledby=\"elementor-tab-title-2042\"><div class=\"gt-button gt-style-1 gt-inline-block\"><a href=\"#\">Blej Bilet\u00ebn<\/a><\/div><\/div>\n\t\t\t\t<\/div>\n\t\t\t\t\t\t\t\t\t\t<script type=\"application\/ld+json\">{\"@context\":\"https:\\\/\\\/schema.org\",\"@type\":\"FAQPage\",\"mainEntity\":[{\"@type\":\"Question\",\"name\":\"T\\u00eb rriturit:\",\"acceptedAnswer\":{\"@type\":\"Answer\",\"text\":\"<div class=\\\"gt-button gt-style-1 gt-inline-block\\\"><a href=\\\"#\\\">Blej bilet\\u00ebn<\\\/a><\\\/div>\"}},{\"@type\":\"Question\",\"name\":\"Student\\u00ebt:\",\"acceptedAnswer\":{\"@type\":\"Answer\",\"text\":\"<div class=\\\"gt-button gt-style-1 gt-inline-block\\\"><a href=\\\"#\\\">Blej Bilet\\u00ebn<\\\/a><\\\/div>\"}}]}<\/script>\n\t\t\t\t\t<\/div>\n\t\t\t\t<\/div>\n\t\t\t\t<\/div>\n\t\t\t\t\t<\/div>\n\t\t<\/div>\n\t\t\t\t\t<\/div>\n\t\t<\/section>\n\t\t\t\t<section class=\"elementor-section elementor-top-section elementor-element elementor-element-7f015f3 elementor-section-content-middle elementor-section-stretched elementor-section-boxed elementor-section-height-default elementor-section-height-default\" data-id=\"7f015f3\" data-element_type=\"section\" data-settings=\"{&quot;stretch_section&quot;:&quot;section-stretched&quot;,&quot;background_background&quot;:&quot;classic&quot;}\">\n\t\t\t\t\t\t<div class=\"elementor-container elementor-column-gap-no\">\n\t\t\t\t\t<div class=\"elementor-column elementor-col-50 elementor-top-column elementor-element elementor-element-e146aa3\" data-id=\"e146aa3\" data-element_type=\"column\">\n\t\t\t<div class=\"elementor-widget-wrap elementor-element-populated\">\n\t\t\t\t\t\t<div class=\"elementor-element elementor-element-04126c2 elementor-widget elementor-widget-google_maps\" data-id=\"04126c2\" data-element_type=\"widget\" data-widget_type=\"google_maps.default\">\n\t\t\t\t<div class=\"elementor-widget-container\">\n\t\t\t\t\t<div class=\"elementor-custom-embed\">\n\t\t\t<iframe loading=\"lazy\"\n\t\t\t\t\tsrc=\"https:\/\/www.google.com\/maps\/embed\/v1\/place?key=AIzaSyChL9keKSanSY2Lsf8UOZZddHc6K9rjDJY&#038;q=muzdeu%20etnografik%20elbasan&#038;zoom=16\"\n\t\t\t\t\ttitle=\"muzdeu etnografik elbasan\"\n\t\t\t\t\taria-label=\"muzdeu etnografik elbasan\"\n\t\t\t><\/iframe>\n\t\t<\/div>\n\t\t\t\t<\/div>\n\t\t\t\t<\/div>\n\t\t\t\t\t<\/div>\n\t\t<\/div>\n\t\t\t\t<div class=\"elementor-column elementor-col-50 elementor-top-column elementor-element elementor-element-76d2a7d\" data-id=\"76d2a7d\" data-element_type=\"column\">\n\t\t\t<div class=\"elementor-widget-wrap elementor-element-populated\">\n\t\t\t\t\t\t<div class=\"elementor-element elementor-element-31f9cb7 elementor-widget elementor-widget-text-editor\" data-id=\"31f9cb7\" data-element_type=\"widget\" data-widget_type=\"text-editor.default\">\n\t\t\t\t<div class=\"elementor-widget-container\">\n\t\t\t\t\t\t\t<p>Klikoni n\u00eb butonin m\u00eb posht\u00eb p\u00ebr t\u00eb kaluar tek faqja e kontakteve, ku do t\u00eb keni mund\u00ebsi t\u00eb nga d\u00ebrgoni k\u00ebrkesat apo pyetjet tuaja me email.<\/p>\t\t\t\t\t\t<\/div>\n\t\t\t\t<\/div>\n\t\t\t\t<div class=\"elementor-element elementor-element-1ee48dd elementor-widget__width-auto elementor-widget-tablet__width-inherit elementor-widget elementor-widget-loquet-button-widget\" data-id=\"1ee48dd\" data-element_type=\"widget\" data-widget_type=\"loquet-button-widget.default\">\n\t\t\t\t<div class=\"elementor-widget-container\">\n\t\t\t<div class=\"gt-button gt-style-1 gt-light gt-align-left gt-flex\"><a href=\"https:\/\/mee.al\/sq\/kontaktoni\/\"><span>Na kontaktoni<\/span><\/a><\/div>\t\t<\/div>\n\t\t\t\t<\/div>\n\t\t\t\t\t<\/div>\n\t\t<\/div>\n\t\t\t\t\t<\/div>\n\t\t<\/section>\n\t\t\t\t<\/div>\n\t\t","protected":false},"excerpt":{"rendered":"<p>T\u00eb rriturit: Blej bilet\u00ebn Student\u00ebt: Blej Bilet\u00ebn Klikoni n\u00eb butonin m\u00eb posht\u00eb p\u00ebr t\u00eb kaluar tek faqja e kontakteve, ku do t\u00eb keni mund\u00ebsi t\u00eb&#8230;<\/p>\n","protected":false},"author":1,"featured_media":0,"parent":0,"menu_order":0,"comment_status":"closed","ping_status":"closed","template":"","meta":{"footnotes":""},"class_list":["post-4710","page","type-page","status-publish","hentry"],"_links":{"self":[{"href":"https:\/\/mee.al\/sq\/wp-json\/wp\/v2\/pages\/4710","targetHints":{"allow":["GET"]}}],"collection":[{"href":"https:\/\/mee.al\/sq\/wp-json\/wp\/v2\/pages"}],"about":[{"href":"https:\/\/mee.al\/sq\/wp-json\/wp\/v2\/types\/page"}],"author":[{"embeddable":true,"href":"https:\/\/mee.al\/sq\/wp-json\/wp\/v2\/users\/1"}],"replies":[{"embeddable":true,"href":"https:\/\/mee.al\/sq\/wp-json\/wp\/v2\/comments?post=4710"}],"version-history":[{"count":23,"href":"https:\/\/mee.al\/sq\/wp-json\/wp\/v2\/pages\/4710\/revisions"}],"predecessor-version":[{"id":12256,"href":"https:\/\/mee.al\/sq\/wp-json\/wp\/v2\/pages\/4710\/revisions\/12256"}],"wp:attachment":[{"href":"https:\/\/mee.al\/sq\/wp-json\/wp\/v2\/media?parent=4710"}],"curies":[{"name":"wp","href":"https:\/\/api.w.org\/{rel}","templated":true}]}}